{"id":31,"date":"2022-08-31T18:47:00","date_gmt":"2022-08-31T18:47:00","guid":{"rendered":"https:\/\/editorial.uflo.edu.ar\/?post_type=product&#038;p=31"},"modified":"2023-08-25T20:08:45","modified_gmt":"2023-08-25T20:08:45","slug":"conversaciones-sobre-juego-y-jugar-derecho-ensenanza-y-territorio-escolar","status":"publish","type":"product","link":"https:\/\/editorial.uflo.edu.ar\/index.php\/producto\/conversaciones-sobre-juego-y-jugar-derecho-ensenanza-y-territorio-escolar\/","title":{"rendered":"Conversaciones sobre juego y jugar. Derecho, ense\u00f1anza y territorio escolar"},"content":{"rendered":"<p>Leer un libro que anticipa \u201cConversaciones sobre Juego y<br \/>\nJugar\u201d pone en valor el esfuerzo intelectual realizado por los autores<br \/>\ny editores que se han esmerado en dise\u00f1ar y completar estudios,<br \/>\nindagaciones y an\u00e1lisis para entender m\u00e1s y mejor el territorio<br \/>\nlaboral. Tambi\u00e9n realza el esfuerzo de la comunidad acad\u00e9mica de la<br \/>\neducaci\u00f3n f\u00edsica para colocar en el centro de la escena al juego, una<br \/>\nactividad constante en las intervenciones profesionales de maestros,<br \/>\nprofesores y licenciados en los espacios de las escuelas en los<br \/>\ndistintos niveles (inicial, primaria, secundaria y superior) y<br \/>\nmodalidades (especial, rural) de la educaci\u00f3n argentina.<\/p>\n","protected":false},"excerpt":{"rendered":"<p>Leer un libro que anticipa \u201cConversaciones sobre Juego y Jugar\u201d pone en valor el esfuerzo intelectual realizado por los autores y editores que se han esmerado en dise\u00f1ar y completar estudios, indagaciones y an\u00e1lisis para entender m\u00e1s y mejor el territorio laboral. Tambi\u00e9n realza el esfuerzo de la comunidad acad\u00e9mica de la educaci\u00f3n f\u00edsica para [&hellip;]<\/p>\n","protected":false},"featured_media":66,"comment_status":"closed","ping_status":"closed","template":"","meta":{"ocean_post_layout":"","ocean_both_sidebars_style":"","ocean_both_sidebars_content_width":0,"ocean_both_sidebars_sidebars_width":0,"ocean_sidebar":"0","ocean_second_sidebar":"0","ocean_disable_margins":"enable","ocean_add_body_class":"","ocean_shortcode_before_top_bar":"","ocean_shortcode_after_top_bar":"","ocean_shortcode_before_header":"","ocean_shortcode_after_header":"","ocean_has_shortcode":"","ocean_shortcode_after_title":"","ocean_shortcode_before_footer_widgets":"","ocean_shortcode_after_footer_widgets":"","ocean_shortcode_before_footer_bottom":"","ocean_shortcode_after_footer_bottom":"","ocean_display_top_bar":"default","ocean_display_header":"default","ocean_header_style":"","ocean_center_header_left_menu":"0","ocean_custom_header_template":"0","ocean_custom_logo":0,"ocean_custom_retina_logo":0,"ocean_custom_logo_max_width":0,"ocean_custom_logo_tablet_max_width":0,"ocean_custom_logo_mobile_max_width":0,"ocean_custom_logo_max_height":0,"ocean_custom_logo_tablet_max_height":0,"ocean_custom_logo_mobile_max_height":0,"ocean_header_custom_menu":"0","ocean_menu_typo_font_family":"0","ocean_menu_typo_font_subset":"","ocean_menu_typo_font_size":0,"ocean_menu_typo_font_size_tablet":0,"ocean_menu_typo_font_size_mobile":0,"ocean_menu_typo_font_size_unit":"px","ocean_menu_typo_font_weight":"","ocean_menu_typo_font_weight_tablet":"","ocean_menu_typo_font_weight_mobile":"","ocean_menu_typo_transform":"","ocean_menu_typo_transform_tablet":"","ocean_menu_typo_transform_mobile":"","ocean_menu_typo_line_height":0,"ocean_menu_typo_line_height_tablet":0,"ocean_menu_typo_line_height_mobile":0,"ocean_menu_typo_line_height_unit":"","ocean_menu_typo_spacing":0,"ocean_menu_typo_spacing_tablet":0,"ocean_menu_typo_spacing_mobile":0,"ocean_menu_typo_spacing_unit":"","ocean_menu_link_color":"","ocean_menu_link_color_hover":"","ocean_menu_link_color_active":"","ocean_menu_link_background":"","ocean_menu_link_hover_background":"","ocean_menu_link_active_background":"","ocean_menu_social_links_bg":"","ocean_menu_social_hover_links_bg":"","ocean_menu_social_links_color":"","ocean_menu_social_hover_links_color":"","ocean_disable_title":"default","ocean_disable_heading":"default","ocean_post_title":"","ocean_post_subheading":"","ocean_post_title_style":"","ocean_post_title_background_color":"","ocean_post_title_background":0,"ocean_post_title_bg_image_position":"","ocean_post_title_bg_image_attachment":"","ocean_post_title_bg_image_repeat":"","ocean_post_title_bg_image_size":"","ocean_post_title_height":0,"ocean_post_title_bg_overlay":0.5,"ocean_post_title_bg_overlay_color":"","ocean_disable_breadcrumbs":"default","ocean_breadcrumbs_color":"","ocean_breadcrumbs_separator_color":"","ocean_breadcrumbs_links_color":"","ocean_breadcrumbs_links_hover_color":"","ocean_display_footer_widgets":"default","ocean_display_footer_bottom":"default","ocean_custom_footer_template":"0","_glsr_average":0,"_glsr_ranking":0,"_glsr_reviews":0},"product_brand":[],"product_cat":[19,23,24],"product_tag":[],"class_list":{"0":"post-31","1":"product","2":"type-product","3":"status-publish","4":"has-post-thumbnail","6":"product_cat-actividad-fisica-y-deporte","7":"product_cat-derecho","8":"product_cat-educacion","10":"entry","11":"has-media","13":"first","14":"instock","15":"shipping-taxable","16":"purchasable","17":"product-type-variable","18":"has-product-nav","19":"col","20":"span_1_of_3","21":"owp-content-center","22":"owp-thumbs-layout-horizontal","23":"owp-btn-normal","24":"owp-tabs-layout-section","25":"has-no-thumbnails"},"_links":{"self":[{"href":"https:\/\/editorial.uflo.edu.ar\/index.php\/wp-json\/wp\/v2\/product\/31","targetHints":{"allow":["GET"]}}],"collection":[{"href":"https:\/\/editorial.uflo.edu.ar\/index.php\/wp-json\/wp\/v2\/product"}],"about":[{"href":"https:\/\/editorial.uflo.edu.ar\/index.php\/wp-json\/wp\/v2\/types\/product"}],"replies":[{"embeddable":true,"href":"https:\/\/editorial.uflo.edu.ar\/index.php\/wp-json\/wp\/v2\/comments?post=31"}],"wp:featuredmedia":[{"embeddable":true,"href":"https:\/\/editorial.uflo.edu.ar\/index.php\/wp-json\/wp\/v2\/media\/66"}],"wp:attachment":[{"href":"https:\/\/editorial.uflo.edu.ar\/index.php\/wp-json\/wp\/v2\/media?parent=31"}],"wp:term":[{"taxonomy":"product_brand","embeddable":true,"href":"https:\/\/editorial.uflo.edu.ar\/index.php\/wp-json\/wp\/v2\/product_brand?post=31"},{"taxonomy":"product_cat","embeddable":true,"href":"https:\/\/editorial.uflo.edu.ar\/index.php\/wp-json\/wp\/v2\/product_cat?post=31"},{"taxonomy":"product_tag","embeddable":true,"href":"https:\/\/editorial.uflo.edu.ar\/index.php\/wp-json\/wp\/v2\/product_tag?post=31"}],"curies":[{"name":"wp","href":"https:\/\/api.w.org\/{rel}","templated":true}]}}