{"id":278,"date":"2022-10-24T14:48:55","date_gmt":"2022-10-24T14:48:55","guid":{"rendered":"https:\/\/editorial.uflo.edu.ar\/?post_type=product&#038;p=278"},"modified":"2026-04-29T13:27:57","modified_gmt":"2026-04-29T13:27:57","slug":"psicologia-siglo-xxi-accediendo-a-la-ciencia-de-la-mente","status":"publish","type":"product","link":"https:\/\/editorial.uflo.edu.ar\/index.php\/producto\/psicologia-siglo-xxi-accediendo-a-la-ciencia-de-la-mente\/","title":{"rendered":"Psicolog\u00eda Siglo XXI. Accediendo a la ciencia de la mente"},"content":{"rendered":"<p><span class=\"sa-collapsed-dropdown active\">La Psicolog\u00eda ha alcanzado un creciente prestigio, desde su reconocimiento como una disciplina cient\u00edfica. Desde sus inicios e incesante evoluci\u00f3n incorpora y se relaciona con el resto de las <span class=\"details\"> ciencias Biol\u00f3gicas y Sociales para dar explicaci\u00f3n de la complejidad de los fen\u00f3menos psicol\u00f3gicos. A partir de mediados del Siglo XX, a\u00f1ade los aportes de la Inform\u00e1tica y la Cibern\u00e9tica, gener\u00e1ndose as\u00ed un modelo computacional del cerebro y la mente.<\/span><\/span><\/p>\n<p><span class=\"sa-collapsed-dropdown active\"><span class=\"details\">Paralelamente, se exploraron y aplicaron las variables internas como pensamientos, im\u00e1genes, emociones y sensaciones, adem\u00e1s de las conductas externas observables. Es la actualidad se enfatizan los puntos de vista Ecol\u00f3gicos, Sist\u00e9micos, las dimensiones Psicol\u00f3gicas, Sociol\u00f3gicas y las conductas sustentables. Psicolog\u00eda Siglo XXI es un libro para todos aquellos que desean iniciar el aprendizaje en esta \u00e1rea del saber cient\u00edfico. Los avances de esta ciencia son presentados con claridad y precisi\u00f3n y, como su t\u00edtulo lo indica, con el ferviente deseo de constituir un aporte de valor a la bibliograf\u00eda acad\u00e9mica, permitiendo de este modo, el acceso de otros profesionales y del p\u00fablico en general a los diversos constructos te\u00f3ricos relevantes de esta disciplina.<\/span><\/span><\/p>\n<p><span class=\"sa-collapsed-dropdown active\"><span class=\"details\">Su vocabulario simple y ameno allana el camino para adentrarse en los conocimientos en forma progresiva y significativa, iniciando un proceso de comprensi\u00f3n sobre los distintos y multifac\u00e9ticos aspectos de la personalidad humana.<\/span><\/span><\/p>\n","protected":false},"excerpt":{"rendered":"<p>La Psicolog\u00eda ha alcanzado un creciente prestigio, desde su reconocimiento como una disciplina cient\u00edfica. Desde sus inicios e incesante evoluci\u00f3n incorpora y se relaciona con el resto de las ciencias Biol\u00f3gicas y Sociales para dar explicaci\u00f3n de la complejidad de los fen\u00f3menos psicol\u00f3gicos. A partir de mediados del Siglo XX, a\u00f1ade los aportes de la [&hellip;]<\/p>\n","protected":false},"featured_media":279,"comment_status":"closed","ping_status":"closed","template":"","meta":{"ocean_post_layout":"","ocean_both_sidebars_style":"","ocean_both_sidebars_content_width":0,"ocean_both_sidebars_sidebars_width":0,"ocean_sidebar":"0","ocean_second_sidebar":"0","ocean_disable_margins":"enable","ocean_add_body_class":"","ocean_shortcode_before_top_bar":"","ocean_shortcode_after_top_bar":"","ocean_shortcode_before_header":"","ocean_shortcode_after_header":"","ocean_has_shortcode":"","ocean_shortcode_after_title":"","ocean_shortcode_before_footer_widgets":"","ocean_shortcode_after_footer_widgets":"","ocean_shortcode_before_footer_bottom":"","ocean_shortcode_after_footer_bottom":"","ocean_display_top_bar":"default","ocean_display_header":"default","ocean_header_style":"","ocean_center_header_left_menu":"0","ocean_custom_header_template":"0","ocean_custom_logo":0,"ocean_custom_retina_logo":0,"ocean_custom_logo_max_width":0,"ocean_custom_logo_tablet_max_width":0,"ocean_custom_logo_mobile_max_width":0,"ocean_custom_logo_max_height":0,"ocean_custom_logo_tablet_max_height":0,"ocean_custom_logo_mobile_max_height":0,"ocean_header_custom_menu":"0","ocean_menu_typo_font_family":"0","ocean_menu_typo_font_subset":"","ocean_menu_typo_font_size":0,"ocean_menu_typo_font_size_tablet":0,"ocean_menu_typo_font_size_mobile":0,"ocean_menu_typo_font_size_unit":"px","ocean_menu_typo_font_weight":"","ocean_menu_typo_font_weight_tablet":"","ocean_menu_typo_font_weight_mobile":"","ocean_menu_typo_transform":"","ocean_menu_typo_transform_tablet":"","ocean_menu_typo_transform_mobile":"","ocean_menu_typo_line_height":0,"ocean_menu_typo_line_height_tablet":0,"ocean_menu_typo_line_height_mobile":0,"ocean_menu_typo_line_height_unit":"","ocean_menu_typo_spacing":0,"ocean_menu_typo_spacing_tablet":0,"ocean_menu_typo_spacing_mobile":0,"ocean_menu_typo_spacing_unit":"","ocean_menu_link_color":"","ocean_menu_link_color_hover":"","ocean_menu_link_color_active":"","ocean_menu_link_background":"","ocean_menu_link_hover_background":"","ocean_menu_link_active_background":"","ocean_menu_social_links_bg":"","ocean_menu_social_hover_links_bg":"","ocean_menu_social_links_color":"","ocean_menu_social_hover_links_color":"","ocean_disable_title":"default","ocean_disable_heading":"default","ocean_post_title":"","ocean_post_subheading":"","ocean_post_title_style":"","ocean_post_title_background_color":"","ocean_post_title_background":0,"ocean_post_title_bg_image_position":"","ocean_post_title_bg_image_attachment":"","ocean_post_title_bg_image_repeat":"","ocean_post_title_bg_image_size":"","ocean_post_title_height":0,"ocean_post_title_bg_overlay":0.5,"ocean_post_title_bg_overlay_color":"","ocean_disable_breadcrumbs":"default","ocean_breadcrumbs_color":"","ocean_breadcrumbs_separator_color":"","ocean_breadcrumbs_links_color":"","ocean_breadcrumbs_links_hover_color":"","ocean_display_footer_widgets":"default","ocean_display_footer_bottom":"default","ocean_custom_footer_template":"0","_glsr_average":0,"_glsr_ranking":0,"_glsr_reviews":0},"product_brand":[],"product_cat":[28],"product_tag":[],"class_list":{"0":"post-278","1":"product","2":"type-product","3":"status-publish","4":"has-post-thumbnail","6":"product_cat-psicologia","8":"entry","9":"has-media","11":"first","12":"instock","13":"shipping-taxable","14":"purchasable","15":"product-type-variable","16":"has-product-nav","17":"col","18":"span_1_of_3","19":"owp-content-center","20":"owp-thumbs-layout-horizontal","21":"owp-btn-normal","22":"owp-tabs-layout-section","23":"has-no-thumbnails"},"_links":{"self":[{"href":"https:\/\/editorial.uflo.edu.ar\/index.php\/wp-json\/wp\/v2\/product\/278","targetHints":{"allow":["GET"]}}],"collection":[{"href":"https:\/\/editorial.uflo.edu.ar\/index.php\/wp-json\/wp\/v2\/product"}],"about":[{"href":"https:\/\/editorial.uflo.edu.ar\/index.php\/wp-json\/wp\/v2\/types\/product"}],"replies":[{"embeddable":true,"href":"https:\/\/editorial.uflo.edu.ar\/index.php\/wp-json\/wp\/v2\/comments?post=278"}],"wp:featuredmedia":[{"embeddable":true,"href":"https:\/\/editorial.uflo.edu.ar\/index.php\/wp-json\/wp\/v2\/media\/279"}],"wp:attachment":[{"href":"https:\/\/editorial.uflo.edu.ar\/index.php\/wp-json\/wp\/v2\/media?parent=278"}],"wp:term":[{"taxonomy":"product_brand","embeddable":true,"href":"https:\/\/editorial.uflo.edu.ar\/index.php\/wp-json\/wp\/v2\/product_brand?post=278"},{"taxonomy":"product_cat","embeddable":true,"href":"https:\/\/editorial.uflo.edu.ar\/index.php\/wp-json\/wp\/v2\/product_cat?post=278"},{"taxonomy":"product_tag","embeddable":true,"href":"https:\/\/editorial.uflo.edu.ar\/index.php\/wp-json\/wp\/v2\/product_tag?post=278"}],"curies":[{"name":"wp","href":"https:\/\/api.w.org\/{rel}","templated":true}]}}