{"id":276,"date":"2022-10-24T14:42:36","date_gmt":"2022-10-24T14:42:36","guid":{"rendered":"https:\/\/editorial.uflo.edu.ar\/?post_type=product&#038;p=276"},"modified":"2025-11-03T18:32:18","modified_gmt":"2025-11-03T18:32:18","slug":"psicologia-laboral-y-empresarial","status":"publish","type":"product","link":"https:\/\/editorial.uflo.edu.ar\/index.php\/producto\/psicologia-laboral-y-empresarial\/","title":{"rendered":"Psicolog\u00eda laboral y empresarial"},"content":{"rendered":"<div class=\"col-md-6 col-lg-6\">\n<div class=\"sa-description-dropdown\"><span class=\"sa-collapsed-dropdown active\">Esta recopilaci\u00f3n trata sobre el rol al cual dedicamos la mayor cantidad de horas en nuestra vida y que aporta los logros m\u00e1s trascendentales: el laboral, estudiado tanto en su faceta individual como <span class=\"details\"> en la de las relaciones interpersonales, grupales y sist\u00e9micas en las organizaciones.<\/span><\/span><\/div>\n<div><\/div>\n<\/div>\n<div class=\"po-purchase-modal-side\">\n<div id=\"sa-purchase-option-panel\" class=\"panel-group\">\n<div class=\"sa-purche-option-panel\">\n<div id=\"format-ebook\" class=\"panel-collapse collapse show\" aria-expanded=\"true\" data-parent=\"#sa-purchase-option-panel\">\n<div class=\"panel-body\">\n<div id=\"sub-format-2\" class=\"panel-group\">\n<div class=\"sa-purche-option-panel\">\n<div class=\"sa-purchase-option-heading sa-panel-heading\">\n<p class=\"panel-title\"><span class=\"sa-collapsed-dropdown active\"><span class=\"details\">Sus contenidos proceden de experiencias de asesor\u00eda y docencia realizadas por dicho equipo profesional, provenientes de la Universidad de Flores y del Instituto Privado de Psicolog\u00eda M\u00e9dica.<br \/>\n<\/span><\/span><\/p>\n<p class=\"panel-title\"><span class=\"sa-collapsed-dropdown active\"><span class=\"details\">Incluye el An\u00e1lisis Transaccional en las Empresas Familiares y otras aplicaciones organizacionales, la resoluci\u00f3n de conflictos, el plan de negocios, la conducci\u00f3n de equipos de trabajo, los consejos de familia, el manejo del dinero, los nuevos roles de la mujer, los criterios para incorporar familiares a la organizaci\u00f3n, las barreras de la Pymes, la creatividad, el impacto de la crisis del 2001, la decisi\u00f3n y redecisi\u00f3n vocacional, los estilos de liderazgo, el plan de sucesi\u00f3n o continuidad como los nuevos roles de los profesionales en Ciencias Econ\u00f3micas, el plan de marketing y la presentaci\u00f3n de casos paradigm\u00e1ticos.<br \/>\n<\/span><\/span><\/p>\n<p class=\"panel-title\"><span class=\"sa-collapsed-dropdown active\"><span class=\"details\">Esta compilaci\u00f3n podr\u00e1 resultar de utilidad a todo participante interesado en el mundo del trabajo y en la din\u00e1mica de las organizaciones.<\/span><\/span><\/p>\n<\/div>\n<div id=\"sub-format-ebook4\" class=\"panel-collapse collapse show\" aria-expanded=\"true\" data-parent=\"#sub-format-2\">\n<p class=\"panel-body\"><b><\/b><br \/>\n<b><\/b><br \/>\n<b><\/b><br \/>\n<b><\/b><br \/>\n<b><\/b><br \/>\n<b><\/b><br \/>\n<b><\/b><br \/>\n<b><\/b><br \/>\n<b><\/b><br \/>\n<b><\/b><\/p>\n<\/div>\n<\/div>\n<\/div>\n<\/div>\n<\/div>\n<\/div>\n<\/div>\n<\/div>\n<div id=\"left-attribute-accordion\" class=\"panel-group\">\n<div class=\"panel sa-panel\">\n<div class=\"sa-panel-heading\">\n<h4 class=\"panel-title\"><\/h4>\n<\/div>\n<\/div>\n<\/div>\n","protected":false},"excerpt":{"rendered":"<p>Esta recopilaci\u00f3n trata sobre el rol al cual dedicamos la mayor cantidad de horas en nuestra vida y que aporta los logros m\u00e1s trascendentales: el laboral, estudiado tanto en su faceta individual como en la de las relaciones interpersonales, grupales y sist\u00e9micas en las organizaciones. Sus contenidos proceden de experiencias de asesor\u00eda y docencia realizadas [&hellip;]<\/p>\n","protected":false},"featured_media":277,"comment_status":"closed","ping_status":"closed","template":"","meta":{"ocean_post_layout":"","ocean_both_sidebars_style":"","ocean_both_sidebars_content_width":0,"ocean_both_sidebars_sidebars_width":0,"ocean_sidebar":"0","ocean_second_sidebar":"0","ocean_disable_margins":"enable","ocean_add_body_class":"","ocean_shortcode_before_top_bar":"","ocean_shortcode_after_top_bar":"","ocean_shortcode_before_header":"","ocean_shortcode_after_header":"","ocean_has_shortcode":"","ocean_shortcode_after_title":"","ocean_shortcode_before_footer_widgets":"","ocean_shortcode_after_footer_widgets":"","ocean_shortcode_before_footer_bottom":"","ocean_shortcode_after_footer_bottom":"","ocean_display_top_bar":"default","ocean_display_header":"default","ocean_header_style":"","ocean_center_header_left_menu":"0","ocean_custom_header_template":"0","ocean_custom_logo":0,"ocean_custom_retina_logo":0,"ocean_custom_logo_max_width":0,"ocean_custom_logo_tablet_max_width":0,"ocean_custom_logo_mobile_max_width":0,"ocean_custom_logo_max_height":0,"ocean_custom_logo_tablet_max_height":0,"ocean_custom_logo_mobile_max_height":0,"ocean_header_custom_menu":"0","ocean_menu_typo_font_family":"0","ocean_menu_typo_font_subset":"","ocean_menu_typo_font_size":0,"ocean_menu_typo_font_size_tablet":0,"ocean_menu_typo_font_size_mobile":0,"ocean_menu_typo_font_size_unit":"px","ocean_menu_typo_font_weight":"","ocean_menu_typo_font_weight_tablet":"","ocean_menu_typo_font_weight_mobile":"","ocean_menu_typo_transform":"","ocean_menu_typo_transform_tablet":"","ocean_menu_typo_transform_mobile":"","ocean_menu_typo_line_height":0,"ocean_menu_typo_line_height_tablet":0,"ocean_menu_typo_line_height_mobile":0,"ocean_menu_typo_line_height_unit":"","ocean_menu_typo_spacing":0,"ocean_menu_typo_spacing_tablet":0,"ocean_menu_typo_spacing_mobile":0,"ocean_menu_typo_spacing_unit":"","ocean_menu_link_color":"","ocean_menu_link_color_hover":"","ocean_menu_link_color_active":"","ocean_menu_link_background":"","ocean_menu_link_hover_background":"","ocean_menu_link_active_background":"","ocean_menu_social_links_bg":"","ocean_menu_social_hover_links_bg":"","ocean_menu_social_links_color":"","ocean_menu_social_hover_links_color":"","ocean_disable_title":"default","ocean_disable_heading":"default","ocean_post_title":"","ocean_post_subheading":"","ocean_post_title_style":"","ocean_post_title_background_color":"","ocean_post_title_background":0,"ocean_post_title_bg_image_position":"","ocean_post_title_bg_image_attachment":"","ocean_post_title_bg_image_repeat":"","ocean_post_title_bg_image_size":"","ocean_post_title_height":0,"ocean_post_title_bg_overlay":0.5,"ocean_post_title_bg_overlay_color":"","ocean_disable_breadcrumbs":"default","ocean_breadcrumbs_color":"","ocean_breadcrumbs_separator_color":"","ocean_breadcrumbs_links_color":"","ocean_breadcrumbs_links_hover_color":"","ocean_display_footer_widgets":"default","ocean_display_footer_bottom":"default","ocean_custom_footer_template":"0","_glsr_average":0,"_glsr_ranking":0,"_glsr_reviews":0},"product_brand":[],"product_cat":[20,28],"product_tag":[],"class_list":{"0":"post-276","1":"product","2":"type-product","3":"status-publish","4":"has-post-thumbnail","6":"product_cat-administracion","7":"product_cat-psicologia","9":"entry","10":"has-media","12":"first","13":"instock","14":"shipping-taxable","15":"purchasable","16":"product-type-variable","17":"has-product-nav","18":"col","19":"span_1_of_3","20":"owp-content-center","21":"owp-thumbs-layout-horizontal","22":"owp-btn-normal","23":"owp-tabs-layout-section","24":"has-no-thumbnails"},"_links":{"self":[{"href":"https:\/\/editorial.uflo.edu.ar\/index.php\/wp-json\/wp\/v2\/product\/276","targetHints":{"allow":["GET"]}}],"collection":[{"href":"https:\/\/editorial.uflo.edu.ar\/index.php\/wp-json\/wp\/v2\/product"}],"about":[{"href":"https:\/\/editorial.uflo.edu.ar\/index.php\/wp-json\/wp\/v2\/types\/product"}],"replies":[{"embeddable":true,"href":"https:\/\/editorial.uflo.edu.ar\/index.php\/wp-json\/wp\/v2\/comments?post=276"}],"wp:featuredmedia":[{"embeddable":true,"href":"https:\/\/editorial.uflo.edu.ar\/index.php\/wp-json\/wp\/v2\/media\/277"}],"wp:attachment":[{"href":"https:\/\/editorial.uflo.edu.ar\/index.php\/wp-json\/wp\/v2\/media?parent=276"}],"wp:term":[{"taxonomy":"product_brand","embeddable":true,"href":"https:\/\/editorial.uflo.edu.ar\/index.php\/wp-json\/wp\/v2\/product_brand?post=276"},{"taxonomy":"product_cat","embeddable":true,"href":"https:\/\/editorial.uflo.edu.ar\/index.php\/wp-json\/wp\/v2\/product_cat?post=276"},{"taxonomy":"product_tag","embeddable":true,"href":"https:\/\/editorial.uflo.edu.ar\/index.php\/wp-json\/wp\/v2\/product_tag?post=276"}],"curies":[{"name":"wp","href":"https:\/\/api.w.org\/{rel}","templated":true}]}}