{"id":242,"date":"2022-10-20T18:29:10","date_gmt":"2022-10-20T18:29:10","guid":{"rendered":"https:\/\/editorial.uflo.edu.ar\/?post_type=product&#038;p=242"},"modified":"2025-11-03T19:13:44","modified_gmt":"2025-11-03T19:13:44","slug":"la-cuenca-matanza-riachuelo-una-mirada-ambiental-para-recuperar-sus-riberas","status":"publish","type":"product","link":"https:\/\/editorial.uflo.edu.ar\/index.php\/producto\/la-cuenca-matanza-riachuelo-una-mirada-ambiental-para-recuperar-sus-riberas\/","title":{"rendered":"La cuenca Matanza-Riachuelo. Una mirada ambiental para recuperar sus riberas"},"content":{"rendered":"<p><span class=\"sa-collapsed-dropdown active\">A lo largo de 67 p\u00e1ginas esta manual describe las caracter\u00edsticas del paisaje ribere\u00f1o de la cuenca Matanza-Riachuelo en forma amena y sencilla acercando al lector a la problem\u00e1tica ambiental de un <span class=\"details\"> r\u00edo emblem\u00e1tico del \u00c1rea Metropolitana de Buenos Aires cuyos servicios ambientales se encuentran deteriorados por el accionar humano.<br \/>\nLa publicaci\u00f3n surgi\u00f3 de un proyecto conjunto de investigaci\u00f3n en el marco de un Programa de Cooperaci\u00f3n Bilateral del Mincyt (Argentina) y del BMWF (Austria) y reuni\u00f3 a un conjunto de investigadores que aportaron los resultados de diversos estudios realizados. La obra describe al r\u00edo como un ecosistema que act\u00faa como biocorredor y cuyo funcionamiento depende de m\u00faltiples factores, como sus caracter\u00edsticas estructurales y disturbios a los que esta sujeto. As\u00ed, se detallan los beneficios ecosist\u00e9micos que brinda en el marco de la cuenca como conjunto, su vegetaci\u00f3n y las aves que acompa\u00f1an. Se describen herramientas \u00fatiles para el diagn\u00f3stico y manejo como el \u00edndice de calidad de ribera que sintetiza informaci\u00f3n sobre el estado ecol\u00f3gico. Se incluyen adem\u00e1s, mapas que muestran el potencial y prioridad de rehabilitaci\u00f3n socio-ambiental y ecol\u00f3gica. Varios cap\u00edtulos tratan la percepci\u00f3n ambiental de la gente, adultos, j\u00f3venes y ni\u00f1os que residen en el espacio ribere\u00f1o. La obra culmina con conceptos y ejemplos de restauraci\u00f3n ecol\u00f3gica as\u00ed como con una paleta de propuestas de mejora.<\/span><\/span><\/p>\n","protected":false},"excerpt":{"rendered":"<p>A lo largo de 67 p\u00e1ginas esta manual describe las caracter\u00edsticas del paisaje ribere\u00f1o de la cuenca Matanza-Riachuelo en forma amena y sencilla acercando al lector a la problem\u00e1tica ambiental de un r\u00edo emblem\u00e1tico del \u00c1rea Metropolitana de Buenos Aires cuyos servicios ambientales se encuentran deteriorados por el accionar humano. La publicaci\u00f3n surgi\u00f3 de un [&hellip;]<\/p>\n","protected":false},"featured_media":243,"comment_status":"closed","ping_status":"closed","template":"","meta":{"ocean_post_layout":"","ocean_both_sidebars_style":"","ocean_both_sidebars_content_width":0,"ocean_both_sidebars_sidebars_width":0,"ocean_sidebar":"0","ocean_second_sidebar":"0","ocean_disable_margins":"enable","ocean_add_body_class":"","ocean_shortcode_before_top_bar":"","ocean_shortcode_after_top_bar":"","ocean_shortcode_before_header":"","ocean_shortcode_after_header":"","ocean_has_shortcode":"","ocean_shortcode_after_title":"","ocean_shortcode_before_footer_widgets":"","ocean_shortcode_after_footer_widgets":"","ocean_shortcode_before_footer_bottom":"","ocean_shortcode_after_footer_bottom":"","ocean_display_top_bar":"default","ocean_display_header":"default","ocean_header_style":"","ocean_center_header_left_menu":"0","ocean_custom_header_template":"0","ocean_custom_logo":0,"ocean_custom_retina_logo":0,"ocean_custom_logo_max_width":0,"ocean_custom_logo_tablet_max_width":0,"ocean_custom_logo_mobile_max_width":0,"ocean_custom_logo_max_height":0,"ocean_custom_logo_tablet_max_height":0,"ocean_custom_logo_mobile_max_height":0,"ocean_header_custom_menu":"0","ocean_menu_typo_font_family":"0","ocean_menu_typo_font_subset":"","ocean_menu_typo_font_size":0,"ocean_menu_typo_font_size_tablet":0,"ocean_menu_typo_font_size_mobile":0,"ocean_menu_typo_font_size_unit":"px","ocean_menu_typo_font_weight":"","ocean_menu_typo_font_weight_tablet":"","ocean_menu_typo_font_weight_mobile":"","ocean_menu_typo_transform":"","ocean_menu_typo_transform_tablet":"","ocean_menu_typo_transform_mobile":"","ocean_menu_typo_line_height":0,"ocean_menu_typo_line_height_tablet":0,"ocean_menu_typo_line_height_mobile":0,"ocean_menu_typo_line_height_unit":"","ocean_menu_typo_spacing":0,"ocean_menu_typo_spacing_tablet":0,"ocean_menu_typo_spacing_mobile":0,"ocean_menu_typo_spacing_unit":"","ocean_menu_link_color":"","ocean_menu_link_color_hover":"","ocean_menu_link_color_active":"","ocean_menu_link_background":"","ocean_menu_link_hover_background":"","ocean_menu_link_active_background":"","ocean_menu_social_links_bg":"","ocean_menu_social_hover_links_bg":"","ocean_menu_social_links_color":"","ocean_menu_social_hover_links_color":"","ocean_disable_title":"default","ocean_disable_heading":"default","ocean_post_title":"","ocean_post_subheading":"","ocean_post_title_style":"","ocean_post_title_background_color":"","ocean_post_title_background":0,"ocean_post_title_bg_image_position":"","ocean_post_title_bg_image_attachment":"","ocean_post_title_bg_image_repeat":"","ocean_post_title_bg_image_size":"","ocean_post_title_height":0,"ocean_post_title_bg_overlay":0.5,"ocean_post_title_bg_overlay_color":"","ocean_disable_breadcrumbs":"default","ocean_breadcrumbs_color":"","ocean_breadcrumbs_separator_color":"","ocean_breadcrumbs_links_color":"","ocean_breadcrumbs_links_hover_color":"","ocean_display_footer_widgets":"default","ocean_display_footer_bottom":"default","ocean_custom_footer_template":"0","_glsr_average":0,"_glsr_ranking":0,"_glsr_reviews":0},"product_brand":[],"product_cat":[27],"product_tag":[],"class_list":{"0":"post-242","1":"product","2":"type-product","3":"status-publish","4":"has-post-thumbnail","6":"product_cat-medio-ambiente","8":"entry","9":"has-media","11":"first","12":"instock","13":"shipping-taxable","14":"purchasable","15":"product-type-variable","16":"has-product-nav","17":"col","18":"span_1_of_3","19":"owp-content-center","20":"owp-thumbs-layout-horizontal","21":"owp-btn-normal","22":"owp-tabs-layout-section","23":"has-no-thumbnails"},"_links":{"self":[{"href":"https:\/\/editorial.uflo.edu.ar\/index.php\/wp-json\/wp\/v2\/product\/242","targetHints":{"allow":["GET"]}}],"collection":[{"href":"https:\/\/editorial.uflo.edu.ar\/index.php\/wp-json\/wp\/v2\/product"}],"about":[{"href":"https:\/\/editorial.uflo.edu.ar\/index.php\/wp-json\/wp\/v2\/types\/product"}],"replies":[{"embeddable":true,"href":"https:\/\/editorial.uflo.edu.ar\/index.php\/wp-json\/wp\/v2\/comments?post=242"}],"wp:featuredmedia":[{"embeddable":true,"href":"https:\/\/editorial.uflo.edu.ar\/index.php\/wp-json\/wp\/v2\/media\/243"}],"wp:attachment":[{"href":"https:\/\/editorial.uflo.edu.ar\/index.php\/wp-json\/wp\/v2\/media?parent=242"}],"wp:term":[{"taxonomy":"product_brand","embeddable":true,"href":"https:\/\/editorial.uflo.edu.ar\/index.php\/wp-json\/wp\/v2\/product_brand?post=242"},{"taxonomy":"product_cat","embeddable":true,"href":"https:\/\/editorial.uflo.edu.ar\/index.php\/wp-json\/wp\/v2\/product_cat?post=242"},{"taxonomy":"product_tag","embeddable":true,"href":"https:\/\/editorial.uflo.edu.ar\/index.php\/wp-json\/wp\/v2\/product_tag?post=242"}],"curies":[{"name":"wp","href":"https:\/\/api.w.org\/{rel}","templated":true}]}}