{"id":224,"date":"2022-10-19T15:05:51","date_gmt":"2022-10-19T15:05:51","guid":{"rendered":"https:\/\/editorial.uflo.edu.ar\/?post_type=product&#038;p=224"},"modified":"2026-04-29T16:02:10","modified_gmt":"2026-04-29T16:02:10","slug":"primer-congreso-de-arquitectura-uflo-como-interpreta-el-proyecto-la-tematica-de-la-sustentabilidad","status":"publish","type":"product","link":"https:\/\/editorial.uflo.edu.ar\/index.php\/producto\/primer-congreso-de-arquitectura-uflo-como-interpreta-el-proyecto-la-tematica-de-la-sustentabilidad\/","title":{"rendered":"Primer Congreso de Arquitectura UFLO. C\u00f3mo interpreta el proyecto la tem\u00e1tica de la sustentabilidad"},"content":{"rendered":"<p>Este libro re\u00fane las actas del Primer Congreso de Arquitectura de la Universidad de Flores, realizado los d\u00edas 2, 3 y 4 de septiembre de 2015 en sus sedes Comahue y Buenos Aires, con el objetivo de <span class=\"details\"> generar un \u00e1mbito de intercambio y debate que contribuya al fortalecimiento y actualizaci\u00f3n de la pr\u00e1ctica del proyecto en respuesta a los nuevos desaf\u00edos que presenta la sustentabilidad.<\/span><\/p>\n<p><span class=\"sa-collapsed-dropdown active\">El Congreso propuso un espacio de intercambio y reflexi\u00f3n de las modalidades de abordaje que exige el Proyecto en Arquitectura, a efectos de su comprensi\u00f3n, de su indagaci\u00f3n, de su ense\u00f1anza, de su <span class=\"details\"> impacto en la profesi\u00f3n, etc. Para ello se convoc\u00f3 a referentes acad\u00e9micos, investigadores y profesionales a debatir sobre las implicancias de la Sustentabilidad en la realizaci\u00f3n del proyecto, en tanto interact\u00faa con \u00e9l dialectizando el procedimiento proyectual o bien planteando respuestas concretas a la formulaci\u00f3n de nuevos requerimientos.<\/span><\/span><\/p>\n","protected":false},"excerpt":{"rendered":"<p>Este libro re\u00fane las actas del Primer Congreso de Arquitectura de la Universidad de Flores, realizado los d\u00edas 2, 3 y 4 de septiembre de 2015 en sus sedes Comahue y Buenos Aires, con el objetivo de generar un \u00e1mbito de intercambio y debate que contribuya al fortalecimiento y actualizaci\u00f3n de la pr\u00e1ctica del proyecto [&hellip;]<\/p>\n","protected":false},"featured_media":225,"comment_status":"closed","ping_status":"closed","template":"","meta":{"ocean_post_layout":"","ocean_both_sidebars_style":"","ocean_both_sidebars_content_width":0,"ocean_both_sidebars_sidebars_width":0,"ocean_sidebar":"0","ocean_second_sidebar":"0","ocean_disable_margins":"enable","ocean_add_body_class":"","ocean_shortcode_before_top_bar":"","ocean_shortcode_after_top_bar":"","ocean_shortcode_before_header":"","ocean_shortcode_after_header":"","ocean_has_shortcode":"","ocean_shortcode_after_title":"","ocean_shortcode_before_footer_widgets":"","ocean_shortcode_after_footer_widgets":"","ocean_shortcode_before_footer_bottom":"","ocean_shortcode_after_footer_bottom":"","ocean_display_top_bar":"default","ocean_display_header":"default","ocean_header_style":"","ocean_center_header_left_menu":"0","ocean_custom_header_template":"0","ocean_custom_logo":0,"ocean_custom_retina_logo":0,"ocean_custom_logo_max_width":0,"ocean_custom_logo_tablet_max_width":0,"ocean_custom_logo_mobile_max_width":0,"ocean_custom_logo_max_height":0,"ocean_custom_logo_tablet_max_height":0,"ocean_custom_logo_mobile_max_height":0,"ocean_header_custom_menu":"0","ocean_menu_typo_font_family":"0","ocean_menu_typo_font_subset":"","ocean_menu_typo_font_size":0,"ocean_menu_typo_font_size_tablet":0,"ocean_menu_typo_font_size_mobile":0,"ocean_menu_typo_font_size_unit":"px","ocean_menu_typo_font_weight":"","ocean_menu_typo_font_weight_tablet":"","ocean_menu_typo_font_weight_mobile":"","ocean_menu_typo_transform":"","ocean_menu_typo_transform_tablet":"","ocean_menu_typo_transform_mobile":"","ocean_menu_typo_line_height":0,"ocean_menu_typo_line_height_tablet":0,"ocean_menu_typo_line_height_mobile":0,"ocean_menu_typo_line_height_unit":"","ocean_menu_typo_spacing":0,"ocean_menu_typo_spacing_tablet":0,"ocean_menu_typo_spacing_mobile":0,"ocean_menu_typo_spacing_unit":"","ocean_menu_link_color":"","ocean_menu_link_color_hover":"","ocean_menu_link_color_active":"","ocean_menu_link_background":"","ocean_menu_link_hover_background":"","ocean_menu_link_active_background":"","ocean_menu_social_links_bg":"","ocean_menu_social_hover_links_bg":"","ocean_menu_social_links_color":"","ocean_menu_social_hover_links_color":"","ocean_disable_title":"default","ocean_disable_heading":"default","ocean_post_title":"","ocean_post_subheading":"","ocean_post_title_style":"","ocean_post_title_background_color":"","ocean_post_title_background":0,"ocean_post_title_bg_image_position":"","ocean_post_title_bg_image_attachment":"","ocean_post_title_bg_image_repeat":"","ocean_post_title_bg_image_size":"","ocean_post_title_height":0,"ocean_post_title_bg_overlay":0.5,"ocean_post_title_bg_overlay_color":"","ocean_disable_breadcrumbs":"default","ocean_breadcrumbs_color":"","ocean_breadcrumbs_separator_color":"","ocean_breadcrumbs_links_color":"","ocean_breadcrumbs_links_hover_color":"","ocean_display_footer_widgets":"default","ocean_display_footer_bottom":"default","ocean_custom_footer_template":"0","_glsr_average":0,"_glsr_ranking":0,"_glsr_reviews":0},"product_brand":[],"product_cat":[21],"product_tag":[],"class_list":{"0":"post-224","1":"product","2":"type-product","3":"status-publish","4":"has-post-thumbnail","6":"product_cat-arquitectura","8":"entry","9":"has-media","11":"first","12":"instock","13":"shipping-taxable","14":"purchasable","15":"product-type-variable","16":"has-product-nav","17":"col","18":"span_1_of_3","19":"owp-content-center","20":"owp-thumbs-layout-horizontal","21":"owp-btn-normal","22":"owp-tabs-layout-section","23":"has-no-thumbnails"},"_links":{"self":[{"href":"https:\/\/editorial.uflo.edu.ar\/index.php\/wp-json\/wp\/v2\/product\/224","targetHints":{"allow":["GET"]}}],"collection":[{"href":"https:\/\/editorial.uflo.edu.ar\/index.php\/wp-json\/wp\/v2\/product"}],"about":[{"href":"https:\/\/editorial.uflo.edu.ar\/index.php\/wp-json\/wp\/v2\/types\/product"}],"replies":[{"embeddable":true,"href":"https:\/\/editorial.uflo.edu.ar\/index.php\/wp-json\/wp\/v2\/comments?post=224"}],"wp:featuredmedia":[{"embeddable":true,"href":"https:\/\/editorial.uflo.edu.ar\/index.php\/wp-json\/wp\/v2\/media\/225"}],"wp:attachment":[{"href":"https:\/\/editorial.uflo.edu.ar\/index.php\/wp-json\/wp\/v2\/media?parent=224"}],"wp:term":[{"taxonomy":"product_brand","embeddable":true,"href":"https:\/\/editorial.uflo.edu.ar\/index.php\/wp-json\/wp\/v2\/product_brand?post=224"},{"taxonomy":"product_cat","embeddable":true,"href":"https:\/\/editorial.uflo.edu.ar\/index.php\/wp-json\/wp\/v2\/product_cat?post=224"},{"taxonomy":"product_tag","embeddable":true,"href":"https:\/\/editorial.uflo.edu.ar\/index.php\/wp-json\/wp\/v2\/product_tag?post=224"}],"curies":[{"name":"wp","href":"https:\/\/api.w.org\/{rel}","templated":true}]}}