{"id":210,"date":"2022-10-18T19:44:25","date_gmt":"2022-10-18T19:44:25","guid":{"rendered":"https:\/\/editorial.uflo.edu.ar\/?post_type=product&#038;p=210"},"modified":"2025-11-03T14:26:52","modified_gmt":"2025-11-03T14:26:52","slug":"atendo-analisis-transaccional-en-el-desarrollo-de-las-organizaciones","status":"publish","type":"product","link":"https:\/\/editorial.uflo.edu.ar\/index.php\/producto\/atendo-analisis-transaccional-en-el-desarrollo-de-las-organizaciones\/","title":{"rendered":"ATENDO. An\u00e1lisis Transaccional en el desarrollo de las Organizaciones"},"content":{"rendered":"<p>El An\u00e1lisis Transaccional naci\u00f3 como un m\u00e9todo r\u00e1pido y efectivo para el tratamiento de problemas psiqui\u00e1tricos. Su creador fue el psiquiatra Eric Berne (1910-1970).<\/p>\n<p>La difusi\u00f3n de su libro, \u201cGames People Play\u201d (Los juegos en que participamos) publicado en 1964, fue extraordinaria, convirti\u00e9ndose en un best-seller mundial. El peque\u00f1o grupo de seguidores de Berne <span class=\"details\"> creci\u00f3 velozmente, hasta transformarse en una asociaci\u00f3n de 10.000 miembros. Aunque inicialmente el An\u00e1lisis Transaccional se aplic\u00f3<br \/>\nsolo cl\u00ednicamente, gracias a sus caracter\u00edsticas pronto se mostr\u00f3 \u00fatil en otros campos del comportamiento humano.<\/span><\/p>\n<p>El mismo Berne hab\u00eda escrito otra obra en 1963, \u201cThe Structure and Dynamics of Organizations and Groups\u201d, en el cual refiere casos en que actu\u00f3 como consultor organizacional en hospitales y cl\u00ednicas. <span class=\"details\"> Sus ideas expuestas en el mismo siguen utiliz\u00e1ndose actualmente para comprender conductas en las organizaciones.<br \/>\n<\/span><\/p>\n<p><span class=\"details\">En la d\u00e9cada de 1960, varios disc\u00edpulos de Berne ya practicaban el A.T. en empresas, instituciones, y en los campos educacional, religioso y penal.<br \/>\n<\/span><\/p>\n<p><span class=\"details\">Nuestra primera aplicaci\u00f3n e esta disciplina tuvo lugar en 1974 en un Seminario para Empresarios en IDEA (Instituto para el Desarrollo de Ejecutivos en Argentina), continuando desde entonces. Y en 1977, publicamos la primera edici\u00f3n de esta obra, continuada con la versi\u00f3n actual corregida y aumentada.<\/span><\/p>\n","protected":false},"excerpt":{"rendered":"<p>El An\u00e1lisis Transaccional naci\u00f3 como un m\u00e9todo r\u00e1pido y efectivo para el tratamiento de problemas psiqui\u00e1tricos. Su creador fue el psiquiatra Eric Berne (1910-1970). La difusi\u00f3n de su libro, \u201cGames People Play\u201d (Los juegos en que participamos) publicado en 1964, fue extraordinaria, convirti\u00e9ndose en un best-seller mundial. El peque\u00f1o grupo de seguidores de Berne creci\u00f3 [&hellip;]<\/p>\n","protected":false},"featured_media":211,"comment_status":"closed","ping_status":"closed","template":"","meta":{"ocean_post_layout":"","ocean_both_sidebars_style":"","ocean_both_sidebars_content_width":0,"ocean_both_sidebars_sidebars_width":0,"ocean_sidebar":"0","ocean_second_sidebar":"0","ocean_disable_margins":"enable","ocean_add_body_class":"","ocean_shortcode_before_top_bar":"","ocean_shortcode_after_top_bar":"","ocean_shortcode_before_header":"","ocean_shortcode_after_header":"","ocean_has_shortcode":"","ocean_shortcode_after_title":"","ocean_shortcode_before_footer_widgets":"","ocean_shortcode_after_footer_widgets":"","ocean_shortcode_before_footer_bottom":"","ocean_shortcode_after_footer_bottom":"","ocean_display_top_bar":"default","ocean_display_header":"default","ocean_header_style":"","ocean_center_header_left_menu":"0","ocean_custom_header_template":"0","ocean_custom_logo":0,"ocean_custom_retina_logo":0,"ocean_custom_logo_max_width":0,"ocean_custom_logo_tablet_max_width":0,"ocean_custom_logo_mobile_max_width":0,"ocean_custom_logo_max_height":0,"ocean_custom_logo_tablet_max_height":0,"ocean_custom_logo_mobile_max_height":0,"ocean_header_custom_menu":"0","ocean_menu_typo_font_family":"0","ocean_menu_typo_font_subset":"","ocean_menu_typo_font_size":0,"ocean_menu_typo_font_size_tablet":0,"ocean_menu_typo_font_size_mobile":0,"ocean_menu_typo_font_size_unit":"px","ocean_menu_typo_font_weight":"","ocean_menu_typo_font_weight_tablet":"","ocean_menu_typo_font_weight_mobile":"","ocean_menu_typo_transform":"","ocean_menu_typo_transform_tablet":"","ocean_menu_typo_transform_mobile":"","ocean_menu_typo_line_height":0,"ocean_menu_typo_line_height_tablet":0,"ocean_menu_typo_line_height_mobile":0,"ocean_menu_typo_line_height_unit":"","ocean_menu_typo_spacing":0,"ocean_menu_typo_spacing_tablet":0,"ocean_menu_typo_spacing_mobile":0,"ocean_menu_typo_spacing_unit":"","ocean_menu_link_color":"","ocean_menu_link_color_hover":"","ocean_menu_link_color_active":"","ocean_menu_link_background":"","ocean_menu_link_hover_background":"","ocean_menu_link_active_background":"","ocean_menu_social_links_bg":"","ocean_menu_social_hover_links_bg":"","ocean_menu_social_links_color":"","ocean_menu_social_hover_links_color":"","ocean_disable_title":"default","ocean_disable_heading":"default","ocean_post_title":"","ocean_post_subheading":"","ocean_post_title_style":"","ocean_post_title_background_color":"","ocean_post_title_background":0,"ocean_post_title_bg_image_position":"","ocean_post_title_bg_image_attachment":"","ocean_post_title_bg_image_repeat":"","ocean_post_title_bg_image_size":"","ocean_post_title_height":0,"ocean_post_title_bg_overlay":0.5,"ocean_post_title_bg_overlay_color":"","ocean_disable_breadcrumbs":"default","ocean_breadcrumbs_color":"","ocean_breadcrumbs_separator_color":"","ocean_breadcrumbs_links_color":"","ocean_breadcrumbs_links_hover_color":"","ocean_display_footer_widgets":"default","ocean_display_footer_bottom":"default","ocean_custom_footer_template":"0","_glsr_average":0,"_glsr_ranking":0,"_glsr_reviews":0},"product_brand":[],"product_cat":[20,28],"product_tag":[],"class_list":{"0":"post-210","1":"product","2":"type-product","3":"status-publish","4":"has-post-thumbnail","6":"product_cat-administracion","7":"product_cat-psicologia","9":"entry","10":"has-media","12":"first","13":"instock","14":"shipping-taxable","15":"purchasable","16":"product-type-variable","17":"has-product-nav","18":"col","19":"span_1_of_3","20":"owp-content-center","21":"owp-thumbs-layout-horizontal","22":"owp-btn-normal","23":"owp-tabs-layout-section","24":"has-no-thumbnails"},"_links":{"self":[{"href":"https:\/\/editorial.uflo.edu.ar\/index.php\/wp-json\/wp\/v2\/product\/210","targetHints":{"allow":["GET"]}}],"collection":[{"href":"https:\/\/editorial.uflo.edu.ar\/index.php\/wp-json\/wp\/v2\/product"}],"about":[{"href":"https:\/\/editorial.uflo.edu.ar\/index.php\/wp-json\/wp\/v2\/types\/product"}],"replies":[{"embeddable":true,"href":"https:\/\/editorial.uflo.edu.ar\/index.php\/wp-json\/wp\/v2\/comments?post=210"}],"wp:featuredmedia":[{"embeddable":true,"href":"https:\/\/editorial.uflo.edu.ar\/index.php\/wp-json\/wp\/v2\/media\/211"}],"wp:attachment":[{"href":"https:\/\/editorial.uflo.edu.ar\/index.php\/wp-json\/wp\/v2\/media?parent=210"}],"wp:term":[{"taxonomy":"product_brand","embeddable":true,"href":"https:\/\/editorial.uflo.edu.ar\/index.php\/wp-json\/wp\/v2\/product_brand?post=210"},{"taxonomy":"product_cat","embeddable":true,"href":"https:\/\/editorial.uflo.edu.ar\/index.php\/wp-json\/wp\/v2\/product_cat?post=210"},{"taxonomy":"product_tag","embeddable":true,"href":"https:\/\/editorial.uflo.edu.ar\/index.php\/wp-json\/wp\/v2\/product_tag?post=210"}],"curies":[{"name":"wp","href":"https:\/\/api.w.org\/{rel}","templated":true}]}}