{"id":196,"date":"2022-10-14T16:39:27","date_gmt":"2022-10-14T16:39:27","guid":{"rendered":"https:\/\/editorial.uflo.edu.ar\/?post_type=product&#038;p=196"},"modified":"2026-04-29T16:18:56","modified_gmt":"2026-04-29T16:18:56","slug":"sabiduria-budista-y-autorrealizacion-el-enfoque-de-las-nuevas-ciencias-de-la-conducta","status":"publish","type":"product","link":"https:\/\/editorial.uflo.edu.ar\/index.php\/producto\/sabiduria-budista-y-autorrealizacion-el-enfoque-de-las-nuevas-ciencias-de-la-conducta\/","title":{"rendered":"Sabidur\u00eda budista y autorrealizaci\u00f3n. El enfoque de las Nuevas Ciencias de la Conducta"},"content":{"rendered":"<p><span class=\"sa-collapsed-dropdown active\">Para un mundo actual que se enfrenta a los desaf\u00edos de la globalizaci\u00f3n\u2026 del cambio acelerado\u2026 de la incertidumbre por la crisis de valores\u2026 y del creciente stress, ha llegado el momento de unificar <span class=\"details\"> los conocimientos ancestrales de Oriente con la formidable tecnolog\u00eda de Occidente. Esto ayudar\u00e1 a implementar la calidad de vida tanto f\u00edsica como espiritual.<br \/>\nEn este libro, el Dr. Roberto Kert\u00e9sz, un psiquiatra y Dr. en Medicina de la Universidad de Buenos Aires, formado en los avances recientes de su campo, sonde\u00f3 la sabidur\u00eda budista, integr\u00e1ndola con Nuevas Ciencias de la Conducta como el An\u00e1lisis Transaccional, el Manejo del Stress, y las Terapias Multimodal, Gestalt y Cognitivo-Conductual.<br \/>\nEstos recursos de las nuevas ciencias de la mente, en su integraci\u00f3n con el cuerpo y el ambiente, son explicados para el lego as\u00ed como el profesional y presentados para la autoaplicaci\u00f3n vivencial mediante 27 ejercicios. De este modo, el lector puede beneficiarse con la pr\u00e1ctica individual o compartiendo sus experiencias con personas cercanas, gu\u00edas espirituales o psicoterapeutas.<\/span><\/span><\/p>\n","protected":false},"excerpt":{"rendered":"<p>Para un mundo actual que se enfrenta a los desaf\u00edos de la globalizaci\u00f3n\u2026 del cambio acelerado\u2026 de la incertidumbre por la crisis de valores\u2026 y del creciente stress, ha llegado el momento de unificar los conocimientos ancestrales de Oriente con la formidable tecnolog\u00eda de Occidente. Esto ayudar\u00e1 a implementar la calidad de vida tanto f\u00edsica [&hellip;]<\/p>\n","protected":false},"featured_media":197,"comment_status":"closed","ping_status":"closed","template":"","meta":{"ocean_post_layout":"","ocean_both_sidebars_style":"","ocean_both_sidebars_content_width":0,"ocean_both_sidebars_sidebars_width":0,"ocean_sidebar":"0","ocean_second_sidebar":"0","ocean_disable_margins":"enable","ocean_add_body_class":"","ocean_shortcode_before_top_bar":"","ocean_shortcode_after_top_bar":"","ocean_shortcode_before_header":"","ocean_shortcode_after_header":"","ocean_has_shortcode":"","ocean_shortcode_after_title":"","ocean_shortcode_before_footer_widgets":"","ocean_shortcode_after_footer_widgets":"","ocean_shortcode_before_footer_bottom":"","ocean_shortcode_after_footer_bottom":"","ocean_display_top_bar":"default","ocean_display_header":"default","ocean_header_style":"","ocean_center_header_left_menu":"0","ocean_custom_header_template":"0","ocean_custom_logo":0,"ocean_custom_retina_logo":0,"ocean_custom_logo_max_width":0,"ocean_custom_logo_tablet_max_width":0,"ocean_custom_logo_mobile_max_width":0,"ocean_custom_logo_max_height":0,"ocean_custom_logo_tablet_max_height":0,"ocean_custom_logo_mobile_max_height":0,"ocean_header_custom_menu":"0","ocean_menu_typo_font_family":"0","ocean_menu_typo_font_subset":"","ocean_menu_typo_font_size":0,"ocean_menu_typo_font_size_tablet":0,"ocean_menu_typo_font_size_mobile":0,"ocean_menu_typo_font_size_unit":"px","ocean_menu_typo_font_weight":"","ocean_menu_typo_font_weight_tablet":"","ocean_menu_typo_font_weight_mobile":"","ocean_menu_typo_transform":"","ocean_menu_typo_transform_tablet":"","ocean_menu_typo_transform_mobile":"","ocean_menu_typo_line_height":0,"ocean_menu_typo_line_height_tablet":0,"ocean_menu_typo_line_height_mobile":0,"ocean_menu_typo_line_height_unit":"","ocean_menu_typo_spacing":0,"ocean_menu_typo_spacing_tablet":0,"ocean_menu_typo_spacing_mobile":0,"ocean_menu_typo_spacing_unit":"","ocean_menu_link_color":"","ocean_menu_link_color_hover":"","ocean_menu_link_color_active":"","ocean_menu_link_background":"","ocean_menu_link_hover_background":"","ocean_menu_link_active_background":"","ocean_menu_social_links_bg":"","ocean_menu_social_hover_links_bg":"","ocean_menu_social_links_color":"","ocean_menu_social_hover_links_color":"","ocean_disable_title":"default","ocean_disable_heading":"default","ocean_post_title":"","ocean_post_subheading":"","ocean_post_title_style":"","ocean_post_title_background_color":"","ocean_post_title_background":0,"ocean_post_title_bg_image_position":"","ocean_post_title_bg_image_attachment":"","ocean_post_title_bg_image_repeat":"","ocean_post_title_bg_image_size":"","ocean_post_title_height":0,"ocean_post_title_bg_overlay":0.5,"ocean_post_title_bg_overlay_color":"","ocean_disable_breadcrumbs":"default","ocean_breadcrumbs_color":"","ocean_breadcrumbs_separator_color":"","ocean_breadcrumbs_links_color":"","ocean_breadcrumbs_links_hover_color":"","ocean_display_footer_widgets":"default","ocean_display_footer_bottom":"default","ocean_custom_footer_template":"0","_glsr_average":0,"_glsr_ranking":0,"_glsr_reviews":0},"product_brand":[],"product_cat":[28],"product_tag":[],"class_list":{"0":"post-196","1":"product","2":"type-product","3":"status-publish","4":"has-post-thumbnail","6":"product_cat-psicologia","8":"entry","9":"has-media","11":"first","12":"instock","13":"shipping-taxable","14":"purchasable","15":"product-type-variable","16":"has-product-nav","17":"col","18":"span_1_of_3","19":"owp-content-center","20":"owp-thumbs-layout-horizontal","21":"owp-btn-normal","22":"owp-tabs-layout-section","23":"has-no-thumbnails"},"_links":{"self":[{"href":"https:\/\/editorial.uflo.edu.ar\/index.php\/wp-json\/wp\/v2\/product\/196","targetHints":{"allow":["GET"]}}],"collection":[{"href":"https:\/\/editorial.uflo.edu.ar\/index.php\/wp-json\/wp\/v2\/product"}],"about":[{"href":"https:\/\/editorial.uflo.edu.ar\/index.php\/wp-json\/wp\/v2\/types\/product"}],"replies":[{"embeddable":true,"href":"https:\/\/editorial.uflo.edu.ar\/index.php\/wp-json\/wp\/v2\/comments?post=196"}],"wp:featuredmedia":[{"embeddable":true,"href":"https:\/\/editorial.uflo.edu.ar\/index.php\/wp-json\/wp\/v2\/media\/197"}],"wp:attachment":[{"href":"https:\/\/editorial.uflo.edu.ar\/index.php\/wp-json\/wp\/v2\/media?parent=196"}],"wp:term":[{"taxonomy":"product_brand","embeddable":true,"href":"https:\/\/editorial.uflo.edu.ar\/index.php\/wp-json\/wp\/v2\/product_brand?post=196"},{"taxonomy":"product_cat","embeddable":true,"href":"https:\/\/editorial.uflo.edu.ar\/index.php\/wp-json\/wp\/v2\/product_cat?post=196"},{"taxonomy":"product_tag","embeddable":true,"href":"https:\/\/editorial.uflo.edu.ar\/index.php\/wp-json\/wp\/v2\/product_tag?post=196"}],"curies":[{"name":"wp","href":"https:\/\/api.w.org\/{rel}","templated":true}]}}