{"id":166,"date":"2022-10-13T16:07:39","date_gmt":"2022-10-13T16:07:39","guid":{"rendered":"https:\/\/editorial.uflo.edu.ar\/?post_type=product&#038;p=166"},"modified":"2025-11-03T16:40:57","modified_gmt":"2025-11-03T16:40:57","slug":"listos-para-emprender-herramientas-para-crear-desarrollar-cocretar-y-gestionar-empredimientos-de-diferentes-rubros","status":"publish","type":"product","link":"https:\/\/editorial.uflo.edu.ar\/index.php\/producto\/listos-para-emprender-herramientas-para-crear-desarrollar-cocretar-y-gestionar-empredimientos-de-diferentes-rubros\/","title":{"rendered":"Listos para emprender. Herramientas para crear, desarrollar, cocretar y gestionar empredimientos de diferentes rubros"},"content":{"rendered":"<p><span class=\"sa-collapsed-dropdown active\">Si Ud. tom\u00f3 la decisi\u00f3n de leer este manual, es porque posee, por lo menos, alg\u00fan inter\u00e9s en el tema. Podemos hacernos varias preguntas sobre los mo\u00activos de dicho inter\u00e9s. Una respuesta posible a <span class=\"details\"> esas preguntas sobre el \u201cemprender\u201d es que hay, por lo menos, tres impulsores para dicho inter\u00e9s, a saber:<br \/>\n<\/span><br \/>\n<span class=\"details\">1. La necesidad:<br \/>\nLos hechos de la vida (de todo tipo: cambios laborales, separaci\u00f3n, conflictos, fallecimiento, despido, quiebra de empresas, ingresos insuficientes, etc.) nos ponen en la coyuntura de tomar decisiones, de intentar nuevos caminos. Incluso, esas decisiones pueden no ser voluntarias (muchas veces no lo son) porque el escenario en donde hasta ese momento viv\u00edamos, cambi\u00f3.<br \/>\nSin embargo, la necesidad es condici\u00f3n necesaria pero no suficiente. A todos nos tocan los hechos de la vida, pero eso no nos impulsa, por s\u00ed solo, a emprender. Una persona que qued\u00f3 sin trabajo buscar\u00e1 otra actividad para ganarse la vida, encontrar\u00e1 otra ocupaci\u00f3n, pero no necesariamente la transformar\u00e1 en emprendedora.<br \/>\n<\/span><br \/>\n<span class=\"details\">2. El descubrimiento:<br \/>\nDe pronto, nos damos cuenta que una persistente molestia por c\u00f3mo esta\u00acmos viviendo, o trabajando o desempe\u00f1\u00e1ndonos en nuestro oficio o profesi\u00f3n, puede realizarse de otra forma, en otros \u00e1mbitos o adquirir otra perspectiva. O, ya no referido a lo que podamos hacer, sino sobre lo que podemos ser, que podr\u00eda ser distinto a lo que somos hoy. Esto puede presentarse \u201cde pronto\u201d o producto de un largo rumiar. La ocupaci\u00f3n que se encontr\u00f3 tendr\u00e1 otra perspectiva o que lo llevar\u00e1 a desempe\u00f1arse en otro rol. Descubre, por ejemplo, que puede ser patr\u00f3n o que el servicio puede realizarse de otra forma o brindando otros servicios. Pero, para que ese descubrimiento se concrete, requiere de otro condimento.<br \/>\n<\/span><br \/>\n<span class=\"details\"><span class=\"read-less\">3. La pasi\u00f3n y el coraje:<br \/>\nQue se nos presenta como aquel objeto de deseo (que puede ser una activi\u00acdad, una forma de hacer las cosas, un modo de vivir, algo que queramos y nos atrevamos a realizar) sin lo cual no podr\u00edamos vivir o lo har\u00edamos permanente\u00acmente insatisfechos. Tambi\u00e9n, que nos genera la proactividad suficiente como para pasar de la idea a la acci\u00f3n una y otra vez, hasta lograr aquello que \u201cdescubrimos\u201d.<br \/>\nDe los tres, \u00e9ste es, quiz\u00e1s, el impulsor m\u00e1s fuerte, el que justifica todos los esfuerzos, frustraciones y riesgos.<br \/>\nPorque \u201cemprender\u201d no es f\u00e1cil. Y, en consecuencia, s\u00f3lo se luchar\u00e1 por aquello que apreciamos fuertemente, pero que, adem\u00e1s, nos atrevamos a concretar.<\/span><\/span><\/span><\/p>\n","protected":false},"excerpt":{"rendered":"<p>Si Ud. tom\u00f3 la decisi\u00f3n de leer este manual, es porque posee, por lo menos, alg\u00fan inter\u00e9s en el tema. Podemos hacernos varias preguntas sobre los mo\u00activos de dicho inter\u00e9s. Una respuesta posible a esas preguntas sobre el \u201cemprender\u201d es que hay, por lo menos, tres impulsores para dicho inter\u00e9s, a saber: 1. La necesidad: [&hellip;]<\/p>\n","protected":false},"featured_media":167,"comment_status":"closed","ping_status":"closed","template":"","meta":{"ocean_post_layout":"","ocean_both_sidebars_style":"","ocean_both_sidebars_content_width":0,"ocean_both_sidebars_sidebars_width":0,"ocean_sidebar":"0","ocean_second_sidebar":"0","ocean_disable_margins":"enable","ocean_add_body_class":"","ocean_shortcode_before_top_bar":"","ocean_shortcode_after_top_bar":"","ocean_shortcode_before_header":"","ocean_shortcode_after_header":"","ocean_has_shortcode":"","ocean_shortcode_after_title":"","ocean_shortcode_before_footer_widgets":"","ocean_shortcode_after_footer_widgets":"","ocean_shortcode_before_footer_bottom":"","ocean_shortcode_after_footer_bottom":"","ocean_display_top_bar":"default","ocean_display_header":"default","ocean_header_style":"","ocean_center_header_left_menu":"0","ocean_custom_header_template":"0","ocean_custom_logo":0,"ocean_custom_retina_logo":0,"ocean_custom_logo_max_width":0,"ocean_custom_logo_tablet_max_width":0,"ocean_custom_logo_mobile_max_width":0,"ocean_custom_logo_max_height":0,"ocean_custom_logo_tablet_max_height":0,"ocean_custom_logo_mobile_max_height":0,"ocean_header_custom_menu":"0","ocean_menu_typo_font_family":"0","ocean_menu_typo_font_subset":"","ocean_menu_typo_font_size":0,"ocean_menu_typo_font_size_tablet":0,"ocean_menu_typo_font_size_mobile":0,"ocean_menu_typo_font_size_unit":"px","ocean_menu_typo_font_weight":"","ocean_menu_typo_font_weight_tablet":"","ocean_menu_typo_font_weight_mobile":"","ocean_menu_typo_transform":"","ocean_menu_typo_transform_tablet":"","ocean_menu_typo_transform_mobile":"","ocean_menu_typo_line_height":0,"ocean_menu_typo_line_height_tablet":0,"ocean_menu_typo_line_height_mobile":0,"ocean_menu_typo_line_height_unit":"","ocean_menu_typo_spacing":0,"ocean_menu_typo_spacing_tablet":0,"ocean_menu_typo_spacing_mobile":0,"ocean_menu_typo_spacing_unit":"","ocean_menu_link_color":"","ocean_menu_link_color_hover":"","ocean_menu_link_color_active":"","ocean_menu_link_background":"","ocean_menu_link_hover_background":"","ocean_menu_link_active_background":"","ocean_menu_social_links_bg":"","ocean_menu_social_hover_links_bg":"","ocean_menu_social_links_color":"","ocean_menu_social_hover_links_color":"","ocean_disable_title":"default","ocean_disable_heading":"default","ocean_post_title":"","ocean_post_subheading":"","ocean_post_title_style":"","ocean_post_title_background_color":"","ocean_post_title_background":0,"ocean_post_title_bg_image_position":"","ocean_post_title_bg_image_attachment":"","ocean_post_title_bg_image_repeat":"","ocean_post_title_bg_image_size":"","ocean_post_title_height":0,"ocean_post_title_bg_overlay":0.5,"ocean_post_title_bg_overlay_color":"","ocean_disable_breadcrumbs":"default","ocean_breadcrumbs_color":"","ocean_breadcrumbs_separator_color":"","ocean_breadcrumbs_links_color":"","ocean_breadcrumbs_links_hover_color":"","ocean_display_footer_widgets":"default","ocean_display_footer_bottom":"default","ocean_custom_footer_template":"0","_glsr_average":0,"_glsr_ranking":0,"_glsr_reviews":0},"product_brand":[],"product_cat":[20],"product_tag":[],"class_list":{"0":"post-166","1":"product","2":"type-product","3":"status-publish","4":"has-post-thumbnail","6":"product_cat-administracion","8":"entry","9":"has-media","11":"first","12":"instock","13":"shipping-taxable","14":"purchasable","15":"product-type-variable","16":"has-product-nav","17":"col","18":"span_1_of_3","19":"owp-content-center","20":"owp-thumbs-layout-horizontal","21":"owp-btn-normal","22":"owp-tabs-layout-section","23":"has-no-thumbnails"},"_links":{"self":[{"href":"https:\/\/editorial.uflo.edu.ar\/index.php\/wp-json\/wp\/v2\/product\/166","targetHints":{"allow":["GET"]}}],"collection":[{"href":"https:\/\/editorial.uflo.edu.ar\/index.php\/wp-json\/wp\/v2\/product"}],"about":[{"href":"https:\/\/editorial.uflo.edu.ar\/index.php\/wp-json\/wp\/v2\/types\/product"}],"replies":[{"embeddable":true,"href":"https:\/\/editorial.uflo.edu.ar\/index.php\/wp-json\/wp\/v2\/comments?post=166"}],"wp:featuredmedia":[{"embeddable":true,"href":"https:\/\/editorial.uflo.edu.ar\/index.php\/wp-json\/wp\/v2\/media\/167"}],"wp:attachment":[{"href":"https:\/\/editorial.uflo.edu.ar\/index.php\/wp-json\/wp\/v2\/media?parent=166"}],"wp:term":[{"taxonomy":"product_brand","embeddable":true,"href":"https:\/\/editorial.uflo.edu.ar\/index.php\/wp-json\/wp\/v2\/product_brand?post=166"},{"taxonomy":"product_cat","embeddable":true,"href":"https:\/\/editorial.uflo.edu.ar\/index.php\/wp-json\/wp\/v2\/product_cat?post=166"},{"taxonomy":"product_tag","embeddable":true,"href":"https:\/\/editorial.uflo.edu.ar\/index.php\/wp-json\/wp\/v2\/product_tag?post=166"}],"curies":[{"name":"wp","href":"https:\/\/api.w.org\/{rel}","templated":true}]}}