{"id":160,"date":"2022-10-13T15:41:33","date_gmt":"2022-10-13T15:41:33","guid":{"rendered":"https:\/\/editorial.uflo.edu.ar\/?post_type=product&#038;p=160"},"modified":"2025-11-03T14:25:32","modified_gmt":"2025-11-03T14:25:32","slug":"antrozoologia-y-la-relacion-humano-perro","status":"publish","type":"product","link":"https:\/\/editorial.uflo.edu.ar\/index.php\/producto\/antrozoologia-y-la-relacion-humano-perro\/","title":{"rendered":"Antrozoolog\u00eda y la relaci\u00f3n humano-perro"},"content":{"rendered":"<p><span class=\"sa-collapsed-dropdown active\">Uno de los v\u00ednculos m\u00e1s fascinantes que algunos tenemos el privilegio de establecer en nuestras vidas es el que se desarrolla con los perros dom\u00e9sticos. Pese al inmenso acopio de datos, este contin\u00faa <span class=\"details\"> siendo en varios aspectos, un misterio. En este libro el autor recorre con deliciosa exhaustividad los diferentes aspectos del v\u00ednculo entre los perros y las personas, c\u00f3mo este fue concebido a lo largo de la historia, y qu\u00e9 responsabilidades y obligaciones \u00e9ticas conlleva.<br \/>\nTambi\u00e9n es un misterio por qu\u00e9, dada la enorme importancia de los perros en nuestra sociedad, estos saberes est\u00e1n escasamente difundidos. Este libro, sin dudas, contribuye a la difusi\u00f3n de los conocimientos cient\u00edficos disponibles hasta el momento acerca de la relaci\u00f3n perro-persona de modo amigable y f\u00e1cilmente accesible a todos aquellos que est\u00e9n interesados por conocer m\u00e1s acerca de esto. De este modo, se van destruyendo mitos y creencias que no poseen un basamento cient\u00edfico, sino que se derivan de an\u00e9cdotas, historias cautivadoras y nuestra intensa tendencia a atribuir a los perros caracter\u00edsticas humanas. Seguramente todos los amantes de estas mascotas se descubrir\u00e1n haciendo afirmaciones de las enormes capacidades que tienen sus perros y que son tan parecidas a las nuestras. O sea que antropomorfizamos a nuestras mascotas. \u201cMe entiende\u201d, \u201centiende lo que digo\u201d, \u201csabe cu\u00e1ndo hizo algo mal y se siente culpable\u201d, \u201cse da cuenta cuando estoy triste\u201d, son solo algunos de los frecuentes comentarios que los due\u00f1os hacen sobre sus perros. Tal como propone Alexandra Horowitz en su libro En la mente de un perro, debemos aprender a mirar a nuestro perro como si fuera la primera vez. Este desaf\u00edo nos permitir\u00e1 acercarnos a lo que verdaderamente es un perro y su modo de relacionarse con nosotros. Este libro es una puerta abierta para conocer, desde la mayor de las ingenuidades, las caracter\u00edsticas y los alcances de este maravilloso v\u00ednculo<\/span><\/span><\/p>\n","protected":false},"excerpt":{"rendered":"<p>Uno de los v\u00ednculos m\u00e1s fascinantes que algunos tenemos el privilegio de establecer en nuestras vidas es el que se desarrolla con los perros dom\u00e9sticos. Pese al inmenso acopio de datos, este contin\u00faa siendo en varios aspectos, un misterio. En este libro el autor recorre con deliciosa exhaustividad los diferentes aspectos del v\u00ednculo entre los [&hellip;]<\/p>\n","protected":false},"featured_media":161,"comment_status":"closed","ping_status":"closed","template":"","meta":{"ocean_post_layout":"","ocean_both_sidebars_style":"","ocean_both_sidebars_content_width":0,"ocean_both_sidebars_sidebars_width":0,"ocean_sidebar":"0","ocean_second_sidebar":"0","ocean_disable_margins":"enable","ocean_add_body_class":"","ocean_shortcode_before_top_bar":"","ocean_shortcode_after_top_bar":"","ocean_shortcode_before_header":"","ocean_shortcode_after_header":"","ocean_has_shortcode":"","ocean_shortcode_after_title":"","ocean_shortcode_before_footer_widgets":"","ocean_shortcode_after_footer_widgets":"","ocean_shortcode_before_footer_bottom":"","ocean_shortcode_after_footer_bottom":"","ocean_display_top_bar":"default","ocean_display_header":"default","ocean_header_style":"","ocean_center_header_left_menu":"0","ocean_custom_header_template":"0","ocean_custom_logo":0,"ocean_custom_retina_logo":0,"ocean_custom_logo_max_width":0,"ocean_custom_logo_tablet_max_width":0,"ocean_custom_logo_mobile_max_width":0,"ocean_custom_logo_max_height":0,"ocean_custom_logo_tablet_max_height":0,"ocean_custom_logo_mobile_max_height":0,"ocean_header_custom_menu":"0","ocean_menu_typo_font_family":"0","ocean_menu_typo_font_subset":"","ocean_menu_typo_font_size":0,"ocean_menu_typo_font_size_tablet":0,"ocean_menu_typo_font_size_mobile":0,"ocean_menu_typo_font_size_unit":"px","ocean_menu_typo_font_weight":"","ocean_menu_typo_font_weight_tablet":"","ocean_menu_typo_font_weight_mobile":"","ocean_menu_typo_transform":"","ocean_menu_typo_transform_tablet":"","ocean_menu_typo_transform_mobile":"","ocean_menu_typo_line_height":0,"ocean_menu_typo_line_height_tablet":0,"ocean_menu_typo_line_height_mobile":0,"ocean_menu_typo_line_height_unit":"","ocean_menu_typo_spacing":0,"ocean_menu_typo_spacing_tablet":0,"ocean_menu_typo_spacing_mobile":0,"ocean_menu_typo_spacing_unit":"","ocean_menu_link_color":"","ocean_menu_link_color_hover":"","ocean_menu_link_color_active":"","ocean_menu_link_background":"","ocean_menu_link_hover_background":"","ocean_menu_link_active_background":"","ocean_menu_social_links_bg":"","ocean_menu_social_hover_links_bg":"","ocean_menu_social_links_color":"","ocean_menu_social_hover_links_color":"","ocean_disable_title":"default","ocean_disable_heading":"default","ocean_post_title":"","ocean_post_subheading":"","ocean_post_title_style":"","ocean_post_title_background_color":"","ocean_post_title_background":0,"ocean_post_title_bg_image_position":"","ocean_post_title_bg_image_attachment":"","ocean_post_title_bg_image_repeat":"","ocean_post_title_bg_image_size":"","ocean_post_title_height":0,"ocean_post_title_bg_overlay":0.5,"ocean_post_title_bg_overlay_color":"","ocean_disable_breadcrumbs":"default","ocean_breadcrumbs_color":"","ocean_breadcrumbs_separator_color":"","ocean_breadcrumbs_links_color":"","ocean_breadcrumbs_links_hover_color":"","ocean_display_footer_widgets":"default","ocean_display_footer_bottom":"default","ocean_custom_footer_template":"0","_glsr_average":0,"_glsr_ranking":0,"_glsr_reviews":0},"product_brand":[],"product_cat":[29],"product_tag":[],"class_list":{"0":"post-160","1":"product","2":"type-product","3":"status-publish","4":"has-post-thumbnail","6":"product_cat-psicopedagogia","8":"entry","9":"has-media","11":"first","12":"outofstock","13":"shipping-taxable","14":"purchasable","15":"product-type-variable","16":"has-product-nav","17":"col","18":"span_1_of_3","19":"owp-content-center","20":"owp-thumbs-layout-horizontal","21":"owp-btn-normal","22":"owp-tabs-layout-section","23":"has-no-thumbnails"},"_links":{"self":[{"href":"https:\/\/editorial.uflo.edu.ar\/index.php\/wp-json\/wp\/v2\/product\/160","targetHints":{"allow":["GET"]}}],"collection":[{"href":"https:\/\/editorial.uflo.edu.ar\/index.php\/wp-json\/wp\/v2\/product"}],"about":[{"href":"https:\/\/editorial.uflo.edu.ar\/index.php\/wp-json\/wp\/v2\/types\/product"}],"replies":[{"embeddable":true,"href":"https:\/\/editorial.uflo.edu.ar\/index.php\/wp-json\/wp\/v2\/comments?post=160"}],"wp:featuredmedia":[{"embeddable":true,"href":"https:\/\/editorial.uflo.edu.ar\/index.php\/wp-json\/wp\/v2\/media\/161"}],"wp:attachment":[{"href":"https:\/\/editorial.uflo.edu.ar\/index.php\/wp-json\/wp\/v2\/media?parent=160"}],"wp:term":[{"taxonomy":"product_brand","embeddable":true,"href":"https:\/\/editorial.uflo.edu.ar\/index.php\/wp-json\/wp\/v2\/product_brand?post=160"},{"taxonomy":"product_cat","embeddable":true,"href":"https:\/\/editorial.uflo.edu.ar\/index.php\/wp-json\/wp\/v2\/product_cat?post=160"},{"taxonomy":"product_tag","embeddable":true,"href":"https:\/\/editorial.uflo.edu.ar\/index.php\/wp-json\/wp\/v2\/product_tag?post=160"}],"curies":[{"name":"wp","href":"https:\/\/api.w.org\/{rel}","templated":true}]}}