{"id":1359,"date":"2024-08-14T17:04:29","date_gmt":"2024-08-14T17:04:29","guid":{"rendered":"https:\/\/editorial.uflo.edu.ar\/?post_type=product&#038;p=1359"},"modified":"2024-11-13T19:36:41","modified_gmt":"2024-11-13T19:36:41","slug":"investigacion-en-la-educacion-fisica-escolar-y-formacion-docente-actas-del-11o-seminario-de-la-reiipefe","status":"publish","type":"product","link":"https:\/\/editorial.uflo.edu.ar\/index.php\/producto\/investigacion-en-la-educacion-fisica-escolar-y-formacion-docente-actas-del-11o-seminario-de-la-reiipefe\/","title":{"rendered":"Investigaci\u00f3n en la educaci\u00f3n f\u00edsica escolar y formaci\u00f3n docente. Actas del 11\u00ba Seminario de la REIIPEFE"},"content":{"rendered":"<p>Este libro es el fruto de estudios, debates y reflexiones llevados a cabo por un grupo de profesoras\/es e investigadoras\/es de la Red Internacional de Investigaci\u00f3n Pedag\u00f3gica en Educaci\u00f3n F\u00edsica escolar (REIIPEFE). El contenido se origina en el XI Seminario de la REIIPEFE, titulado \u201cInvestigaci\u00f3n en la Educaci\u00f3n F\u00edsica escolar y formaci\u00f3n docente\u201d, coorganizado por UFLO Universidad y la Universidad Nacional de La Matanza en junio de 2023. La obra re\u00fane 18 textos dispuestos en cuatro ejes tem\u00e1ticos: \u201cEducaci\u00f3n f\u00edsica, g\u00e9neros y diversidades\u201d, \u201cEducaci\u00f3n F\u00edsica y entramados desde el Cono Sur latinoamericano\u201d, \u201cEducaci\u00f3n f\u00edsica, pr\u00e1cticas corporales y escolarizaci\u00f3n\u201d y \u201cEducaci\u00f3n f\u00edsica y formaci\u00f3n docente\u201d. La perspectiva cr\u00edtica, pluridimensional y colaborativa es motor principal que la REIIPEFE asume, con el compromiso de seguir explorando, debatiendo y divulgando el conocimiento, y la firme convicci\u00f3n de realizar aportes a los contextos socializadores donde la educaci\u00f3n f\u00edsica se hace presente<\/p>\n","protected":false},"excerpt":{"rendered":"<p>Este libro es el fruto de estudios, debates y reflexiones llevados a cabo por un grupo de profesoras\/es e investigadoras\/es de la Red Internacional de Investigaci\u00f3n Pedag\u00f3gica en Educaci\u00f3n F\u00edsica escolar (REIIPEFE). El contenido se origina en el XI Seminario de la REIIPEFE, titulado \u201cInvestigaci\u00f3n en la Educaci\u00f3n F\u00edsica escolar y formaci\u00f3n docente\u201d, coorganizado por [&hellip;]<\/p>\n","protected":false},"featured_media":1362,"comment_status":"closed","ping_status":"closed","template":"","meta":{"ocean_post_layout":"","ocean_both_sidebars_style":"","ocean_both_sidebars_content_width":0,"ocean_both_sidebars_sidebars_width":0,"ocean_sidebar":"0","ocean_second_sidebar":"0","ocean_disable_margins":"enable","ocean_add_body_class":"","ocean_shortcode_before_top_bar":"","ocean_shortcode_after_top_bar":"","ocean_shortcode_before_header":"","ocean_shortcode_after_header":"","ocean_has_shortcode":"","ocean_shortcode_after_title":"","ocean_shortcode_before_footer_widgets":"","ocean_shortcode_after_footer_widgets":"","ocean_shortcode_before_footer_bottom":"","ocean_shortcode_after_footer_bottom":"","ocean_display_top_bar":"default","ocean_display_header":"default","ocean_header_style":"","ocean_center_header_left_menu":"0","ocean_custom_header_template":"0","ocean_custom_logo":0,"ocean_custom_retina_logo":0,"ocean_custom_logo_max_width":0,"ocean_custom_logo_tablet_max_width":0,"ocean_custom_logo_mobile_max_width":0,"ocean_custom_logo_max_height":0,"ocean_custom_logo_tablet_max_height":0,"ocean_custom_logo_mobile_max_height":0,"ocean_header_custom_menu":"0","ocean_menu_typo_font_family":"0","ocean_menu_typo_font_subset":"","ocean_menu_typo_font_size":0,"ocean_menu_typo_font_size_tablet":0,"ocean_menu_typo_font_size_mobile":0,"ocean_menu_typo_font_size_unit":"px","ocean_menu_typo_font_weight":"","ocean_menu_typo_font_weight_tablet":"","ocean_menu_typo_font_weight_mobile":"","ocean_menu_typo_transform":"","ocean_menu_typo_transform_tablet":"","ocean_menu_typo_transform_mobile":"","ocean_menu_typo_line_height":0,"ocean_menu_typo_line_height_tablet":0,"ocean_menu_typo_line_height_mobile":0,"ocean_menu_typo_line_height_unit":"","ocean_menu_typo_spacing":0,"ocean_menu_typo_spacing_tablet":0,"ocean_menu_typo_spacing_mobile":0,"ocean_menu_typo_spacing_unit":"","ocean_menu_link_color":"","ocean_menu_link_color_hover":"","ocean_menu_link_color_active":"","ocean_menu_link_background":"","ocean_menu_link_hover_background":"","ocean_menu_link_active_background":"","ocean_menu_social_links_bg":"","ocean_menu_social_hover_links_bg":"","ocean_menu_social_links_color":"","ocean_menu_social_hover_links_color":"","ocean_disable_title":"default","ocean_disable_heading":"default","ocean_post_title":"","ocean_post_subheading":"","ocean_post_title_style":"","ocean_post_title_background_color":"","ocean_post_title_background":0,"ocean_post_title_bg_image_position":"","ocean_post_title_bg_image_attachment":"","ocean_post_title_bg_image_repeat":"","ocean_post_title_bg_image_size":"","ocean_post_title_height":0,"ocean_post_title_bg_overlay":0.5,"ocean_post_title_bg_overlay_color":"","ocean_disable_breadcrumbs":"default","ocean_breadcrumbs_color":"","ocean_breadcrumbs_separator_color":"","ocean_breadcrumbs_links_color":"","ocean_breadcrumbs_links_hover_color":"","ocean_display_footer_widgets":"default","ocean_display_footer_bottom":"default","ocean_custom_footer_template":"0","_glsr_average":0,"_glsr_ranking":0,"_glsr_reviews":0},"product_brand":[],"product_cat":[19],"product_tag":[],"class_list":{"0":"post-1359","1":"product","2":"type-product","3":"status-publish","4":"has-post-thumbnail","6":"product_cat-actividad-fisica-y-deporte","8":"entry","9":"has-media","11":"first","12":"instock","13":"shipping-taxable","14":"purchasable","15":"product-type-variable","16":"has-product-nav","17":"col","18":"span_1_of_3","19":"owp-content-center","20":"owp-thumbs-layout-horizontal","21":"owp-btn-normal","22":"owp-tabs-layout-section","23":"has-no-thumbnails"},"_links":{"self":[{"href":"https:\/\/editorial.uflo.edu.ar\/index.php\/wp-json\/wp\/v2\/product\/1359","targetHints":{"allow":["GET"]}}],"collection":[{"href":"https:\/\/editorial.uflo.edu.ar\/index.php\/wp-json\/wp\/v2\/product"}],"about":[{"href":"https:\/\/editorial.uflo.edu.ar\/index.php\/wp-json\/wp\/v2\/types\/product"}],"replies":[{"embeddable":true,"href":"https:\/\/editorial.uflo.edu.ar\/index.php\/wp-json\/wp\/v2\/comments?post=1359"}],"wp:featuredmedia":[{"embeddable":true,"href":"https:\/\/editorial.uflo.edu.ar\/index.php\/wp-json\/wp\/v2\/media\/1362"}],"wp:attachment":[{"href":"https:\/\/editorial.uflo.edu.ar\/index.php\/wp-json\/wp\/v2\/media?parent=1359"}],"wp:term":[{"taxonomy":"product_brand","embeddable":true,"href":"https:\/\/editorial.uflo.edu.ar\/index.php\/wp-json\/wp\/v2\/product_brand?post=1359"},{"taxonomy":"product_cat","embeddable":true,"href":"https:\/\/editorial.uflo.edu.ar\/index.php\/wp-json\/wp\/v2\/product_cat?post=1359"},{"taxonomy":"product_tag","embeddable":true,"href":"https:\/\/editorial.uflo.edu.ar\/index.php\/wp-json\/wp\/v2\/product_tag?post=1359"}],"curies":[{"name":"wp","href":"https:\/\/api.w.org\/{rel}","templated":true}]}}